{"id":767,"date":"2024-04-24T09:08:04","date_gmt":"2024-04-24T07:08:04","guid":{"rendered":"https:\/\/infojuice.eu\/?page_id=767"},"modified":"2024-04-24T09:13:06","modified_gmt":"2024-04-24T07:13:06","slug":"datenschutzerklaerung","status":"publish","type":"page","link":"https:\/\/infojuice.eu\/de\/datenschutzerklaerung\/","title":{"rendered":"Datenschutzerkl\u00e4rung"},"content":{"rendered":"<div class=\"fusion-fullwidth fullwidth-box fusion-builder-row-1 fusion-flex-container has-pattern-background has-mask-background nonhundred-percent-fullwidth non-hundred-percent-height-scrolling\" style=\"--awb-border-radius-top-left:0px;--awb-border-radius-top-right:0px;--awb-border-radius-bottom-right:0px;--awb-border-radius-bottom-left:0px;--awb-padding-top:70px;--awb-padding-bottom:50px;--awb-flex-wrap:wrap;\" ><div class=\"fusion-builder-row fusion-row fusion-flex-align-items-flex-start fusion-flex-content-wrap\" style=\"max-width:1248px;margin-left: calc(-4% \/ 2 );margin-right: calc(-4% \/ 2 );\"><div class=\"fusion-layout-column fusion_builder_column fusion-builder-column-0 fusion_builder_column_1_1 1_1 fusion-flex-column\" style=\"--awb-bg-size:cover;--awb-width-large:100%;--awb-margin-top-large:0px;--awb-spacing-right-large:1.92%;--awb-margin-bottom-large:20px;--awb-spacing-left-large:1.92%;--awb-width-medium:100%;--awb-order-medium:0;--awb-spacing-right-medium:1.92%;--awb-spacing-left-medium:1.92%;--awb-width-small:100%;--awb-order-small:0;--awb-spacing-right-small:1.92%;--awb-spacing-left-small:1.92%;\" data-scroll-devices=\"small-visibility,medium-visibility,large-visibility\"><div class=\"fusion-column-wrapper fusion-column-has-shadow fusion-flex-justify-content-flex-start fusion-content-layout-column\"><div class=\"fusion-title title fusion-title-1 fusion-sep-none fusion-title-center fusion-title-text fusion-title-size-one\" style=\"--awb-font-size:50px;\"><h1 class=\"fusion-title-heading title-heading-center fusion-responsive-typography-calculated\" style=\"font-family:var(--awb-typography1-font-family);font-weight:var(--awb-typography1-font-weight);font-style:var(--awb-typography1-font-style);margin:0;letter-spacing:var(--awb-typography1-letter-spacing);text-transform:var(--awb-typography1-text-transform);font-size:1em;--fontSize:50;line-height:var(--awb-typography1-line-height);\">Datenschutzerkl\u00e4rung<\/h1><\/div><div class=\"fusion-text fusion-text-1\" style=\"--awb-content-alignment:center;\"><p style=\"text-align: left;\"><b>Allgemeine Angaben<\/b><br \/>\nInfojuice \/ Euregio hat die vorliegenden Internet-Datenschutzrichtlinien ausgearbeitet, um dem Besucher der Website als vertrauensw\u00fcrdiger Partner, der das pers\u00f6nliche Recht auf Vertraulichkeit respektiert und gew\u00e4hrleistet, entgegenzutreten.<br \/>\nIm Sinne des DSGVO 2016\/679 ist Rechtsinhaber der Verwaltung bzw. Verarbeitung der personenbezogenen Daten, die eventuell \u00fcber die Website erhoben werden. Der Rechtsinhaber verwaltet bzw. verarbeitet diese \u00fcber die Website (<a href=\"http:\/\/www.infojuice.eu\/\" target=\"_blank\" rel=\"noopener noreferrer\">www.infojuice.eu<\/a>) eventuell erhobenen Daten unter den im Folgenden genannten Bedingungen.<\/p>\n<p style=\"text-align: left;\"><b>Art der Datenerhebung und Zweck der Verarbeitung<\/b><br \/>\nInfojuice \/ Euregio verarbeitet ausschlie\u00dflich Daten, die der Besucher der Website aus freien St\u00fccken angibt. Das Navigieren auf der Website ist auch ohne Angabe personenbezogener Daten und Informationen m\u00f6glich. Jedem Besucher steht es frei, Infojuice \/ Euregio eingeschr\u00e4nkt personenbezogene Daten zur Verf\u00fcgung zu stellen, um nur bestimmte Dienstleistungen in Anspruch zu nehmen. Erhobene und gespeicherte personenbezogene Daten werden ausschlie\u00dflich f\u00fcr die im verf\u00fcgbaren Informationsschreiben genannten Dienstleistungen verwendet.<br \/>\nDie Besucher der Website k\u00f6nnen ihre Daten \u00fcbermitteln, um:<\/p>\n<ul style=\"text-align: left;\">\n<li>unseren Newsletter zu abonnieren<\/li>\n<li>sich zu Events\/Kurse anzumelden<\/li>\n<li>ihren Lebenslauf zu senden<\/li>\n<li>Informationen zu Dienstleistungen, Produkten, Angeboten, Kostenvoranschl\u00e4gen einzuholen<\/li>\n<li>Dienstleistungen\/Produkte\/Gutscheine zu erwerben<\/li>\n<\/ul>\n<p style=\"text-align: left;\"><b>Weitergabe der Daten an Dritte<\/b><br \/>\nDie personenbezogenen Daten werden nicht an andere Unternehmen weitergegeben. Zudem werden die personenbezogenen Daten weitergegeben, falls dies gesetzliche Bestimmungen vorsehen oder die Gerichtsbeh\u00f6rde oder andere K\u00f6rperschaften und Institute es einfordern.<br \/>\nInfojuice \/ Euregio bezweckt nicht, \u00fcber die eigene Website sensible oder gerichtlich relevante personenbezogene Daten zu erheben.<br \/>\nIm Sinne des Art. 4 des DSGVO 2016\/679 handelt es sich bei sensiblen Daten um pers\u00f6nliche Angaben zum Geschlecht, zur ethnischen Herkunft, zu religi\u00f6sen, philosophischen oder anderweitigen Anschauungen, zur politischen Einstellung, zur Mitgliedschaft in Parteien, Gewerkschaften, Vereinen oder Organisationen mit religi\u00f6sem, philosophischem, politischem oder gewerkschaftlichem Hintergrund sowie um Angaben zum Gesundheitszustand oder zur sexuellen Orientierung. Im Sinne des Art. 4 des DSGVO 2016\/679 umfassen gerichtlich relevante Daten jene pers\u00f6nlichen Angaben, die auf Ma\u00dfnahmen basierend auf Art. 3, Absatz 1, Buchstaben von a) bis o) und von r) bis u), des D.P.R. Nr. 313 vom 14. November 2002 zum Strafregister, dem Register der Verwaltungsstrafen infolge strafbarer Handlungen oder der diesbez\u00fcglich anh\u00e4ngenden Verfahren, oder auf die Stellung als Angeklagter oder Verd\u00e4chtigter im Sinne der Artikel 60 und 61 der Strafprozessordnung schlie\u00dfen lassen.\u00a0<b><u>Wir empfehlen Ihnen, solche Informationen nicht auf unserer Webseite anzugeben.<\/u><\/b>\u00a0Sollte dies unumg\u00e4nglich sein (beispielsweise im Fall der Zuordnung zu gesch\u00fctzten Personengruppen bei Zusendung eines Lebenslaufs zu Anstellungszwecken, in Beantwortung eines Arbeitsangebots oder bei Bekundung des Interesses an einer Anstellung im unserer Firma), ersuchen wir Sie, uns per Post das auf dieser Website im Abschnitt \u201eZusendung des Lebenslaufs\u201c verf\u00fcgbare spezifische Aufkl\u00e4rungsschreiben zu \u00fcbermitteln. Darin geben Sie bitte Ihre schriftliche Zustimmung zur Behandlung besagter pers\u00f6nlicher und sensibler Daten.<\/p>\n<p style=\"text-align: left;\"><b>Einbindung von Diensten und Inhalten Dritter sowie Daten\u00fcbermittlung an Drittstaaten<\/b><\/p>\n<ul style=\"text-align: left;\">\n<li>Google Analytics, Google-IP-Locator, Google Maps, Google Maps Distance Api, Google reCAPTCHA<br \/>\nEigent\u00fcmer: Google Inc., 1600 Amphitheatre Parkway, Mountain View, CA 94043, USA<\/li>\n<li>YouTube-Inhalte<br \/>\nEigent\u00fcmer: Google Inc., Amphitheatre Parkway, Mountain View, CA 94043, USA<\/li>\n<li>Soziales Netzwerk Facebook<br \/>\nEigent\u00fcmer: Facebook Inc., Menlo Park, California, USA<\/li>\n<li>Soziales Netzwerk Google Plus<br \/>\nEigent\u00fcmer: Google Inc., 1600 Amphitheatre Parkway, Mountain View, CA 94043, USA<\/li>\n<li>Soziales Netzwerk Instagram<br \/>\nEigent\u00fcmer: Facebook Inc., Menlo Park, California, USA<\/li>\n<li>Soziales Netzwerk Twitter<br \/>\nEigent\u00fcmer: Twitter International Company, One Cumberland Place, Fenian Street, Dublin 2 D02 AX07, Irland<\/li>\n<li>Vimeo<br \/>\nEigent\u00fcmer: Vimeo Inc., 555 West 18th Street, New York, New York 10011<\/li>\n<li>Hotjar<br \/>\nEigent\u00fcmer: Hotjar Ltd, Level 2, St Julian\u2019s Business Centre, 3, Elia Zammit Street, St Julian\u2019s STJ 1000, Malta<\/li>\n<\/ul>\n<p style=\"text-align: left;\">Es k\u00f6nnen noch weitere externe Inhalte \u00fcber Widgets und iFrames geladen werde. Um Einsicht in diese Liste zu erhalten, muss eine E-Mail an versandt werden.<\/p>\n<p style=\"text-align: left;\"><b>Links zu Internetauftritten Dritter<\/b><br \/>\nWir weisen darauf hin, dass die Webseite\u00a0<a href=\"http:\/\/www.infojuice.eu\/\" target=\"_blank\" rel=\"noopener noreferrer\">www.infojuice.eu<\/a>\u00a0Links auf andere Websites enth\u00e4lt, die nicht im Sinne der vorliegenden Datenschutzrichtlinien verwaltet werden.<\/p>\n<p style=\"text-align: left;\"><b>Aufbewahrung und L\u00f6schung der Daten<\/b><br \/>\nDie \u00fcber diese Website erhobenen Informationen und personenbezogenen Daten, inklusive jener, die der Besucher zum Erhalt von Informationsmaterial oder anderen Zusendungen freiwillig angibt, indem er an die im Abschnitt \u201eKontaktanfrage\u201c, \u201eNewsletter\u201c, \u201eJobs\u201c und \u201eOnline-Kauf\u201c angegebenen Adressen schreibt, werden ausschlie\u00dflich zur Erbringung der gew\u00fcnschten Leistung und nur f\u00fcr den daf\u00fcr unbedingt n\u00f6tigen Zeitraum aufbewahrt. Nach Erbringung der Dienstleistung werden alle personenbezogenen Daten gem\u00e4\u00df Datenschutzerkl\u00e4rung Infojuice \/ Euregio, vorbehaltlich anders lautender beh\u00f6rdlicher Aufforderungen oder der gesetzlich geforderten Aufbewahrung, gel\u00f6scht.<\/p>\n<p style=\"text-align: left;\"><b>Aus\u00fcbung zustehender Rechte<\/b><br \/>\nDer Dateninhaber hat laut Art. 15 des DSGVO 2016\/679 zu jeder Zeit das Recht, Auskunft zum Inhalt seiner personenbezogenen, \u00fcber diese Website erhobenen Daten zu erhalten, diese eventuell richtig stellen, aktualisieren oder l\u00f6schen zu lassen oder andere Rechte, die ihm gesetzlich zuerkannt sind, geltend zu machen. Dazu ist es notwendig, den Verantwortlichen f\u00fcr die Datenverarbeitung oder den Datenschutzbeauftragten \u00fcber die E-Mail zu kontaktieren.<\/p>\n<p style=\"text-align: left;\"><b>Datensicherheit<\/b><br \/>\nAlle notwendigen technischen und organisatorischen Sicherheitsma\u00dfnahmen, um die personenbezogenen Daten vor Verlust und Missbrauch zu sch\u00fctzen, werden von Infojuice \/ Euregio getroffen. Infojuice \/ Euregio sch\u00fctzt die personenbezogenen Daten \u00fcber international anerkannte Sicherheitsstandards sowie \u00fcber Verfahren, die<\/p>\n<ul style=\"text-align: left;\">\n<li>den unbefugten Zugriff<\/li>\n<li>die unerlaubte Benutzung und Verbreitung<\/li>\n<li>die unerlaubte \u00c4nderung<\/li>\n<li>den Verlust sowie unbeabsichtigtes oder rechtswidriges Zerst\u00f6ren<\/li>\n<\/ul>\n<p style=\"text-align: left;\">unm\u00f6glich machen.<\/p>\n<p style=\"text-align: left;\"><b>Cookies\/Werbeanzeigen<\/b><br \/>\nCookies sind kleine Textdateien, die auf Ihrem Computer abgelegt werden, wenn ein Benutzer bestimmte Websites besucht. Diese Website inklusive der Subdomains verwendet Cookies, wobei der Benutzer immer um seine Zustimmung gebeten wird, wo dies ausdr\u00fccklich per Gesetz oder anderen einschl\u00e4gigen Bestimmungen verlangt wird. Durch die Verwendung von Cookies wird dem Benutzer das Navigieren erleichtert und die an den Benutzer \u00fcbermittelten Informationen werden personalisiert. Es werden dar\u00fcber hinaus Systeme verwendet, um Informationen \u00fcber den Benutzer zu sammeln, wie zum Beispiel seine IP-Adresse, den verwendeten Browser und das Betriebssystem und\/oder von einem Benutzer besuchte Websites f\u00fcr Sicherheits- und Statistikzwecke.<br \/>\nDie Cookies stellen f\u00fcr Ihren Computer, Ihr Tablet oder Ihr Smartphone keine Gefahr dar. Die von\u00a0<a href=\"http:\/\/www.infojuice.eu\/\" target=\"_blank\" rel=\"noopener noreferrer\">www.infojuice.eu<\/a>\u00a0erzeugten Cookies enthalten keine personenbezogenen Daten, die zur Identifizierung des Benutzers verwendet werden k\u00f6nnen, sondern nur verschl\u00fcsselte Daten.<\/p>\n<p style=\"text-align: left;\"><b>Spezifische Verwendung der personenbezogenen Daten<\/b><br \/>\nIm Folgenden finden Sie spezifische Hinweise zur Funktionsweise bestimmter Abschnitte dieser Website:<\/p>\n<ul style=\"text-align: left;\">\n<li><b>Abschnitt Kontaktanfrage<\/b><br \/>\nDer Abschnitt \u201eKontaktanfrage\u201c dieser Website bietet die M\u00f6glichkeit Produkte, Leistungen, Angebote, Event\/Kursteilnahmen anzufragen. Wenn Sie sich daf\u00fcr entscheiden, uns Ihre pers\u00f6nlichen Daten zu \u00fcbermitteln, so werden diese ausschlie\u00dflich f\u00fcr obengenannte Zwecke von speziell daf\u00fcr beauftragten Personen und gem\u00e4\u00df den regul\u00e4ren internen Verwaltungsprozessen bearbeitet.<\/li>\n<li><b>Abschnitt Online-Kauf<\/b><br \/>\nDer Shopping-Abschnitt dieser Website bietet die M\u00f6glichkeit, die auf der Website angebotenen Produkte zu erwerben. Wenn Sie sich daf\u00fcr entscheiden, uns Ihre pers\u00f6nlichen Daten zu \u00fcbermitteln, so werden diese ausschlie\u00dflich f\u00fcr obengenannte Zwecke von speziell daf\u00fcr beauftragten Personen und gem\u00e4\u00df den regul\u00e4ren internen Verwaltungsprozessen bearbeitet.<br \/>\nZu diesem Zweck muss der Nutzer die geforderten Daten eingeben; andernfalls wird er vom Online-Verkauf ausgeschlossen. Der Kauf unterliegt zudem der ausdr\u00fccklichen Zustimmung, durch Anklicken des eigenen K\u00e4stchens, der Datenschutzerkl\u00e4rung sowie der Verkaufsbedingungen der Gesellschaft.<\/li>\n<li><b>Abschnitt: Newsletter<\/b><br \/>\nSollte der Besucher der Website die Zustellung unseres Newsletters w\u00fcnschen, muss er seine personenbezogenen Daten ins entsprechende Formular im Abschnitt \u201eNewsletter anmelden\u201c eintragen. Die erfassten Daten dienen im Sinne des in der Fu\u00dfnote des Formulars angegeben Aufkl\u00e4rungsschreibens zur Zustellung des Newsletters.<\/li>\n<li><b>Abschnitt Jobs<\/b><br \/>\nDer Abschnitt \u201eJobs\u201c dieser Website bietet die M\u00f6glichkeit, Interesse an einer Stelle in unserem Unternehmen zu bekunden bzw. auf eine Jobanzeige f\u00fcr freie oder neue Stellen zu antworten. Wenn Sie sich daf\u00fcr entscheiden, uns Ihre pers\u00f6nlichen Daten zu \u00fcbermitteln, so werden diese ausschlie\u00dflich f\u00fcr obengenannte Zwecke von speziell daf\u00fcr beauftragten Personen und gem\u00e4\u00df den regul\u00e4ren internen Personalverwaltungsprozessen bearbeitet.<\/li>\n<\/ul>\n<p style=\"text-align: left;\"><b>Minderj\u00e4hrige Besucher (16 Jahre)<\/b><br \/>\nDie Website Infojuice \/ Euregio, die von den vorliegenden Datenschutzbestimmungen geregelt wird, ist nicht f\u00fcr die Benutzung durch Minderj\u00e4hrige bestimmt. Wir sind uns der Notwendigkeit bewusst, dass Daten, die Minderj\u00e4hrige betreffen, besonders im Online-Umfeld, gesch\u00fctzt werden m\u00fcssen. Daher erheben und speichern wir \u2013 es sei denn auf unwillk\u00fcrliche Weise \u2013 keine Daten minderj\u00e4hriger Besucher.<\/p>\n<\/div><\/div><\/div><\/div><\/div>\n","protected":false},"excerpt":{"rendered":"","protected":false},"author":1,"featured_media":0,"parent":0,"menu_order":0,"comment_status":"closed","ping_status":"closed","template":"100-width.php","meta":{"footnotes":""},"class_list":["post-767","page","type-page","status-publish","hentry"],"yoast_head":"<!-- This site is optimized with the Yoast SEO plugin v26.2 - https:\/\/yoast.com\/wordpress\/plugins\/seo\/ -->\n<title>Datenschutzerkl\u00e4rung - Infojuice<\/title>\n<meta name=\"robots\" content=\"index, follow, max-snippet:-1, max-image-preview:large, max-video-preview:-1\" \/>\n<link rel=\"canonical\" href=\"https:\/\/infojuice.eu\/de\/datenschutzerklaerung\/\" \/>\n<meta property=\"og:locale\" content=\"de_DE\" \/>\n<meta property=\"og:type\" content=\"article\" \/>\n<meta property=\"og:title\" content=\"Datenschutzerkl\u00e4rung - Infojuice\" \/>\n<meta property=\"og:url\" content=\"https:\/\/infojuice.eu\/de\/datenschutzerklaerung\/\" \/>\n<meta property=\"og:site_name\" content=\"Infojuice\" \/>\n<meta property=\"article:modified_time\" content=\"2024-04-24T07:13:06+00:00\" \/>\n<meta property=\"og:image\" content=\"https:\/\/infojuice.eu\/wp-content\/uploads\/2024\/04\/DSC7694.webp\" \/>\n\t<meta property=\"og:image:width\" content=\"2500\" \/>\n\t<meta property=\"og:image:height\" content=\"1074\" \/>\n\t<meta property=\"og:image:type\" content=\"image\/webp\" \/>\n<meta name=\"twitter:card\" content=\"summary_large_image\" \/>\n<meta name=\"twitter:label1\" content=\"Gesch\u00e4tzte Lesezeit\" \/>\n\t<meta name=\"twitter:data1\" content=\"13\u00a0Minuten\" \/>\n<script type=\"application\/ld+json\" class=\"yoast-schema-graph\">{\"@context\":\"https:\/\/schema.org\",\"@graph\":[{\"@type\":\"WebPage\",\"@id\":\"https:\/\/infojuice.eu\/de\/datenschutzerklaerung\/\",\"url\":\"https:\/\/infojuice.eu\/de\/datenschutzerklaerung\/\",\"name\":\"Datenschutzerkl\u00e4rung - Infojuice\",\"isPartOf\":{\"@id\":\"https:\/\/infojuice.eu\/de\/#website\"},\"datePublished\":\"2024-04-24T07:08:04+00:00\",\"dateModified\":\"2024-04-24T07:13:06+00:00\",\"breadcrumb\":{\"@id\":\"https:\/\/infojuice.eu\/de\/datenschutzerklaerung\/#breadcrumb\"},\"inLanguage\":\"de\",\"potentialAction\":[{\"@type\":\"ReadAction\",\"target\":[\"https:\/\/infojuice.eu\/de\/datenschutzerklaerung\/\"]}]},{\"@type\":\"BreadcrumbList\",\"@id\":\"https:\/\/infojuice.eu\/de\/datenschutzerklaerung\/#breadcrumb\",\"itemListElement\":[{\"@type\":\"ListItem\",\"position\":1,\"name\":\"Home\",\"item\":\"https:\/\/infojuice.eu\/de\/\"},{\"@type\":\"ListItem\",\"position\":2,\"name\":\"Datenschutzerkl\u00e4rung\"}]},{\"@type\":\"WebSite\",\"@id\":\"https:\/\/infojuice.eu\/de\/#website\",\"url\":\"https:\/\/infojuice.eu\/de\/\",\"name\":\"Infojuice\",\"description\":\"Media monitoring, analisi mediatica, consulenza &amp; PR\",\"publisher\":{\"@id\":\"https:\/\/infojuice.eu\/de\/#organization\"},\"potentialAction\":[{\"@type\":\"SearchAction\",\"target\":{\"@type\":\"EntryPoint\",\"urlTemplate\":\"https:\/\/infojuice.eu\/de\/?s={search_term_string}\"},\"query-input\":{\"@type\":\"PropertyValueSpecification\",\"valueRequired\":true,\"valueName\":\"search_term_string\"}}],\"inLanguage\":\"de\"},{\"@type\":\"Organization\",\"@id\":\"https:\/\/infojuice.eu\/de\/#organization\",\"name\":\"Infojuice - Media monitoring, analisi mediatica, consulenza & PR\",\"url\":\"https:\/\/infojuice.eu\/de\/\",\"logo\":{\"@type\":\"ImageObject\",\"inLanguage\":\"de\",\"@id\":\"https:\/\/infojuice.eu\/de\/#\/schema\/logo\/image\/\",\"url\":\"https:\/\/infojuice.eu\/wp-content\/uploads\/2024\/04\/logo-infojuice.svg\",\"contentUrl\":\"https:\/\/infojuice.eu\/wp-content\/uploads\/2024\/04\/logo-infojuice.svg\",\"width\":285,\"height\":109,\"caption\":\"Infojuice - Media monitoring, analisi mediatica, consulenza & PR\"},\"image\":{\"@id\":\"https:\/\/infojuice.eu\/de\/#\/schema\/logo\/image\/\"}}]}<\/script>\n<!-- \/ Yoast SEO plugin. -->","yoast_head_json":{"title":"Datenschutzerkl\u00e4rung - Infojuice","robots":{"index":"index","follow":"follow","max-snippet":"max-snippet:-1","max-image-preview":"max-image-preview:large","max-video-preview":"max-video-preview:-1"},"canonical":"https:\/\/infojuice.eu\/de\/datenschutzerklaerung\/","og_locale":"de_DE","og_type":"article","og_title":"Datenschutzerkl\u00e4rung - Infojuice","og_url":"https:\/\/infojuice.eu\/de\/datenschutzerklaerung\/","og_site_name":"Infojuice","article_modified_time":"2024-04-24T07:13:06+00:00","og_image":[{"width":2500,"height":1074,"url":"https:\/\/infojuice.eu\/wp-content\/uploads\/2024\/04\/DSC7694.webp","type":"image\/webp"}],"twitter_card":"summary_large_image","twitter_misc":{"Gesch\u00e4tzte Lesezeit":"13\u00a0Minuten"},"schema":{"@context":"https:\/\/schema.org","@graph":[{"@type":"WebPage","@id":"https:\/\/infojuice.eu\/de\/datenschutzerklaerung\/","url":"https:\/\/infojuice.eu\/de\/datenschutzerklaerung\/","name":"Datenschutzerkl\u00e4rung - Infojuice","isPartOf":{"@id":"https:\/\/infojuice.eu\/de\/#website"},"datePublished":"2024-04-24T07:08:04+00:00","dateModified":"2024-04-24T07:13:06+00:00","breadcrumb":{"@id":"https:\/\/infojuice.eu\/de\/datenschutzerklaerung\/#breadcrumb"},"inLanguage":"de","potentialAction":[{"@type":"ReadAction","target":["https:\/\/infojuice.eu\/de\/datenschutzerklaerung\/"]}]},{"@type":"BreadcrumbList","@id":"https:\/\/infojuice.eu\/de\/datenschutzerklaerung\/#breadcrumb","itemListElement":[{"@type":"ListItem","position":1,"name":"Home","item":"https:\/\/infojuice.eu\/de\/"},{"@type":"ListItem","position":2,"name":"Datenschutzerkl\u00e4rung"}]},{"@type":"WebSite","@id":"https:\/\/infojuice.eu\/de\/#website","url":"https:\/\/infojuice.eu\/de\/","name":"Infojuice","description":"Media monitoring, analisi mediatica, consulenza &amp; PR","publisher":{"@id":"https:\/\/infojuice.eu\/de\/#organization"},"potentialAction":[{"@type":"SearchAction","target":{"@type":"EntryPoint","urlTemplate":"https:\/\/infojuice.eu\/de\/?s={search_term_string}"},"query-input":{"@type":"PropertyValueSpecification","valueRequired":true,"valueName":"search_term_string"}}],"inLanguage":"de"},{"@type":"Organization","@id":"https:\/\/infojuice.eu\/de\/#organization","name":"Infojuice - Media monitoring, analisi mediatica, consulenza & PR","url":"https:\/\/infojuice.eu\/de\/","logo":{"@type":"ImageObject","inLanguage":"de","@id":"https:\/\/infojuice.eu\/de\/#\/schema\/logo\/image\/","url":"https:\/\/infojuice.eu\/wp-content\/uploads\/2024\/04\/logo-infojuice.svg","contentUrl":"https:\/\/infojuice.eu\/wp-content\/uploads\/2024\/04\/logo-infojuice.svg","width":285,"height":109,"caption":"Infojuice - Media monitoring, analisi mediatica, consulenza & PR"},"image":{"@id":"https:\/\/infojuice.eu\/de\/#\/schema\/logo\/image\/"}}]}},"_links":{"self":[{"href":"https:\/\/infojuice.eu\/de\/wp-json\/wp\/v2\/pages\/767","targetHints":{"allow":["GET"]}}],"collection":[{"href":"https:\/\/infojuice.eu\/de\/wp-json\/wp\/v2\/pages"}],"about":[{"href":"https:\/\/infojuice.eu\/de\/wp-json\/wp\/v2\/types\/page"}],"author":[{"embeddable":true,"href":"https:\/\/infojuice.eu\/de\/wp-json\/wp\/v2\/users\/1"}],"replies":[{"embeddable":true,"href":"https:\/\/infojuice.eu\/de\/wp-json\/wp\/v2\/comments?post=767"}],"version-history":[{"count":7,"href":"https:\/\/infojuice.eu\/de\/wp-json\/wp\/v2\/pages\/767\/revisions"}],"predecessor-version":[{"id":779,"href":"https:\/\/infojuice.eu\/de\/wp-json\/wp\/v2\/pages\/767\/revisions\/779"}],"wp:attachment":[{"href":"https:\/\/infojuice.eu\/de\/wp-json\/wp\/v2\/media?parent=767"}],"curies":[{"name":"wp","href":"https:\/\/api.w.org\/{rel}","templated":true}]}}